{"id":13,"date":"2021-05-05T09:47:06","date_gmt":"2021-05-05T07:47:06","guid":{"rendered":"http:\/\/localhost\/lawspective\/?page_id=13"},"modified":"2024-07-09T14:01:33","modified_gmt":"2024-07-09T12:01:33","slug":"kariera-radcy","status":"publish","type":"page","link":"https:\/\/atm.legal\/pl\/kariera-radcy\/","title":{"rendered":"Kariera"},"content":{"rendered":"\n<h1 class=\"has-text-align-center wp-block-heading\">Kogo poszukujemy?<\/h1>\n\n\n\n<p>Oferujemy mo\u017cliwo\u015b\u0107 wszechstronnego rozwoju zawodowego prawnikom, kt\u00f3rzy chc\u0105 zdoby\u0107 do\u015bwiadczenie oraz doskonali\u0107 umiej\u0119tno\u015bci w ramach jednej z naszych praktyk.<\/p>\n\n\n\n<p>Stworzyli\u015bmy nowoczesn\u0105 kultur\u0119 organizacyjn\u0105 i atmosfer\u0119 sprzyjaj\u0105c\u0105 otwartej komunikacji oraz wymianie do\u015bwiadcze\u0144. Aktywnie wspieramy rozw\u00f3j zawodowy naszych prawnik\u00f3w zapewniaj\u0105c im nie tylko mo\u017cliwo\u015b\u0107 wsp\u00f3\u0142pracy z do\u015bwiadczonymi specjalistami, ale r\u00f3wnie\u017c zrozumienie oraz niezb\u0119dny do rozwoju feedback.<\/p>\n\n\n\n<p>Do naszego dynamicznie rozwijaj\u0105cego si\u0119 zespo\u0142u stale szukamy talent\u00f3w na r\u00f3\u017cnych etapach rozwoju zawodowego, przede wszystkim student\u00f3w co najmniej III roku studi\u00f3w, aplikant\u00f3w I roku aplikacji oraz radc\u00f3w prawnych, kt\u00f3rzy niedawno zdali egzamin radcowski.<\/p>\n\n\n\n<p>Wszystkich zainteresowanych karier\u0105 w ATM.LEGAL prosimy o przes\u0142anie CV na adres e-mail <a href=\"mailto:office@atm.legal\">office@atm.legal<\/a><\/p>\n","protected":false},"excerpt":{"rendered":"<p>Kogo poszukujemy? Oferujemy mo\u017cliwo\u015b\u0107 wszechstronnego rozwoju zawodowego prawnikom, kt\u00f3rzy chc\u0105 zdoby\u0107 do\u015bwiadczenie oraz doskonali\u0107 umiej\u0119tno\u015bci w ramach jednej z naszych praktyk. Stworzyli\u015bmy nowoczesn\u0105 kultur\u0119 organizacyjn\u0105 i atmosfer\u0119 sprzyjaj\u0105c\u0105 otwartej komunikacji oraz wymianie do\u015bwiadcze\u0144. Aktywnie wspieramy rozw\u00f3j zawodowy naszych prawnik\u00f3w zapewniaj\u0105c im nie tylko mo\u017cliwo\u015b\u0107 wsp\u00f3\u0142pracy z do\u015bwiadczonymi specjalistami, ale r\u00f3wnie\u017c zrozumienie oraz niezb\u0119dny do rozwoju [&hellip;]<\/p>\n","protected":false},"author":1,"featured_media":2538,"parent":0,"menu_order":0,"comment_status":"closed","ping_status":"closed","template":"","meta":{"_acf_changed":false,"om_disable_all_campaigns":false,"footnotes":""},"class_list":["post-13","page","type-page","status-publish","has-post-thumbnail","hentry"],"acf":[],"yoast_head":"<!-- This site is optimized with the Yoast SEO plugin v25.5 - https:\/\/yoast.com\/wordpress\/plugins\/seo\/ -->\n<title>Kariera w kancelarii ATM Legal - do\u0142\u0105cz do nas<\/title>\n<meta name=\"description\" content=\"Marzy Ci si\u0119 kariera radcy prawnego? Wy\u015blij swoje CV do kancelarii ATM.LEGAL - stale si\u0119 rozwijamy i szukamy nowych talent\u00f3w\" \/>\n<meta name=\"robots\" content=\"index, follow, max-snippet:-1, max-image-preview:large, max-video-preview:-1\" \/>\n<link rel=\"canonical\" href=\"https:\/\/atm.legal\/pl\/kariera-radcy\/\" \/>\n<meta property=\"og:locale\" content=\"pl_PL\" \/>\n<meta property=\"og:type\" content=\"article\" \/>\n<meta property=\"og:title\" content=\"Kariera w kancelarii ATM Legal - do\u0142\u0105cz do nas\" \/>\n<meta property=\"og:description\" content=\"Marzy Ci si\u0119 kariera radcy prawnego? Wy\u015blij swoje CV do kancelarii ATM.LEGAL - stale si\u0119 rozwijamy i szukamy nowych talent\u00f3w\" \/>\n<meta property=\"og:url\" content=\"https:\/\/atm.legal\/pl\/kariera-radcy\/\" \/>\n<meta property=\"og:site_name\" content=\"ATM.LEGAL\" \/>\n<meta property=\"article:modified_time\" content=\"2024-07-09T12:01:33+00:00\" \/>\n<meta property=\"og:image\" content=\"https:\/\/atm.legal\/wp-content\/uploads\/2023\/12\/ATM_LEGAL_20232336-scaled.jpeg\" \/>\n\t<meta property=\"og:image:width\" content=\"2560\" \/>\n\t<meta property=\"og:image:height\" content=\"1480\" \/>\n\t<meta property=\"og:image:type\" content=\"image\/jpeg\" \/>\n<meta name=\"twitter:card\" content=\"summary_large_image\" \/>\n<meta name=\"twitter:label1\" content=\"Szacowany czas czytania\" \/>\n\t<meta name=\"twitter:data1\" content=\"1 minuta\" \/>\n<script type=\"application\/ld+json\" class=\"yoast-schema-graph\">{\"@context\":\"https:\/\/schema.org\",\"@graph\":[{\"@type\":\"WebPage\",\"@id\":\"https:\/\/atm.legal\/pl\/kariera-radcy\/\",\"url\":\"https:\/\/atm.legal\/pl\/kariera-radcy\/\",\"name\":\"Kariera w kancelarii ATM Legal - do\u0142\u0105cz do nas\",\"isPartOf\":{\"@id\":\"https:\/\/atm.legal\/pl\/#website\"},\"primaryImageOfPage\":{\"@id\":\"https:\/\/atm.legal\/pl\/kariera-radcy\/#primaryimage\"},\"image\":{\"@id\":\"https:\/\/atm.legal\/pl\/kariera-radcy\/#primaryimage\"},\"thumbnailUrl\":\"https:\/\/atm.legal\/wp-content\/uploads\/2023\/12\/ATM_LEGAL_20232336-scaled.jpeg\",\"datePublished\":\"2021-05-05T07:47:06+00:00\",\"dateModified\":\"2024-07-09T12:01:33+00:00\",\"description\":\"Marzy Ci si\u0119 kariera radcy prawnego? Wy\u015blij swoje CV do kancelarii ATM.LEGAL - stale si\u0119 rozwijamy i szukamy nowych talent\u00f3w\",\"breadcrumb\":{\"@id\":\"https:\/\/atm.legal\/pl\/kariera-radcy\/#breadcrumb\"},\"inLanguage\":\"pl-PL\",\"potentialAction\":[{\"@type\":\"ReadAction\",\"target\":[\"https:\/\/atm.legal\/pl\/kariera-radcy\/\"]}]},{\"@type\":\"ImageObject\",\"inLanguage\":\"pl-PL\",\"@id\":\"https:\/\/atm.legal\/pl\/kariera-radcy\/#primaryimage\",\"url\":\"https:\/\/atm.legal\/wp-content\/uploads\/2023\/12\/ATM_LEGAL_20232336-scaled.jpeg\",\"contentUrl\":\"https:\/\/atm.legal\/wp-content\/uploads\/2023\/12\/ATM_LEGAL_20232336-scaled.jpeg\",\"width\":2560,\"height\":1480},{\"@type\":\"BreadcrumbList\",\"@id\":\"https:\/\/atm.legal\/pl\/kariera-radcy\/#breadcrumb\",\"itemListElement\":[{\"@type\":\"ListItem\",\"position\":1,\"name\":\"Home\",\"item\":\"https:\/\/atm.legal\/pl\/\"},{\"@type\":\"ListItem\",\"position\":2,\"name\":\"Kariera\"}]},{\"@type\":\"WebSite\",\"@id\":\"https:\/\/atm.legal\/pl\/#website\",\"url\":\"https:\/\/atm.legal\/pl\/\",\"name\":\"ATM.LEGAL\",\"description\":\"\",\"publisher\":{\"@id\":\"https:\/\/atm.legal\/pl\/#organization\"},\"potentialAction\":[{\"@type\":\"SearchAction\",\"target\":{\"@type\":\"EntryPoint\",\"urlTemplate\":\"https:\/\/atm.legal\/pl\/?s={search_term_string}\"},\"query-input\":{\"@type\":\"PropertyValueSpecification\",\"valueRequired\":true,\"valueName\":\"search_term_string\"}}],\"inLanguage\":\"pl-PL\"},{\"@type\":\"Organization\",\"@id\":\"https:\/\/atm.legal\/pl\/#organization\",\"name\":\"ATM.LEGAL\",\"url\":\"https:\/\/atm.legal\/pl\/\",\"logo\":{\"@type\":\"ImageObject\",\"inLanguage\":\"pl-PL\",\"@id\":\"https:\/\/atm.legal\/pl\/#\/schema\/logo\/image\/\",\"url\":\"https:\/\/atm.legal\/wp-content\/uploads\/2022\/10\/cropped-atm-favicon-lg.png\",\"contentUrl\":\"https:\/\/atm.legal\/wp-content\/uploads\/2022\/10\/cropped-atm-favicon-lg.png\",\"width\":512,\"height\":512,\"caption\":\"ATM.LEGAL\"},\"image\":{\"@id\":\"https:\/\/atm.legal\/pl\/#\/schema\/logo\/image\/\"},\"sameAs\":[\"https:\/\/www.linkedin.com\/company\/atmlegal\/\",\"https:\/\/www.linkedin.com\/in\/artur-marcinkowski-atmlegal\/\"]}]}<\/script>\n<!-- \/ Yoast SEO plugin. -->","yoast_head_json":{"title":"Kariera w kancelarii ATM Legal - do\u0142\u0105cz do nas","description":"Marzy Ci si\u0119 kariera radcy prawnego? Wy\u015blij swoje CV do kancelarii ATM.LEGAL - stale si\u0119 rozwijamy i szukamy nowych talent\u00f3w","robots":{"index":"index","follow":"follow","max-snippet":"max-snippet:-1","max-image-preview":"max-image-preview:large","max-video-preview":"max-video-preview:-1"},"canonical":"https:\/\/atm.legal\/pl\/kariera-radcy\/","og_locale":"pl_PL","og_type":"article","og_title":"Kariera w kancelarii ATM Legal - do\u0142\u0105cz do nas","og_description":"Marzy Ci si\u0119 kariera radcy prawnego? Wy\u015blij swoje CV do kancelarii ATM.LEGAL - stale si\u0119 rozwijamy i szukamy nowych talent\u00f3w","og_url":"https:\/\/atm.legal\/pl\/kariera-radcy\/","og_site_name":"ATM.LEGAL","article_modified_time":"2024-07-09T12:01:33+00:00","og_image":[{"width":2560,"height":1480,"url":"https:\/\/atm.legal\/wp-content\/uploads\/2023\/12\/ATM_LEGAL_20232336-scaled.jpeg","type":"image\/jpeg"}],"twitter_card":"summary_large_image","twitter_misc":{"Szacowany czas czytania":"1 minuta"},"schema":{"@context":"https:\/\/schema.org","@graph":[{"@type":"WebPage","@id":"https:\/\/atm.legal\/pl\/kariera-radcy\/","url":"https:\/\/atm.legal\/pl\/kariera-radcy\/","name":"Kariera w kancelarii ATM Legal - do\u0142\u0105cz do nas","isPartOf":{"@id":"https:\/\/atm.legal\/pl\/#website"},"primaryImageOfPage":{"@id":"https:\/\/atm.legal\/pl\/kariera-radcy\/#primaryimage"},"image":{"@id":"https:\/\/atm.legal\/pl\/kariera-radcy\/#primaryimage"},"thumbnailUrl":"https:\/\/atm.legal\/wp-content\/uploads\/2023\/12\/ATM_LEGAL_20232336-scaled.jpeg","datePublished":"2021-05-05T07:47:06+00:00","dateModified":"2024-07-09T12:01:33+00:00","description":"Marzy Ci si\u0119 kariera radcy prawnego? Wy\u015blij swoje CV do kancelarii ATM.LEGAL - stale si\u0119 rozwijamy i szukamy nowych talent\u00f3w","breadcrumb":{"@id":"https:\/\/atm.legal\/pl\/kariera-radcy\/#breadcrumb"},"inLanguage":"pl-PL","potentialAction":[{"@type":"ReadAction","target":["https:\/\/atm.legal\/pl\/kariera-radcy\/"]}]},{"@type":"ImageObject","inLanguage":"pl-PL","@id":"https:\/\/atm.legal\/pl\/kariera-radcy\/#primaryimage","url":"https:\/\/atm.legal\/wp-content\/uploads\/2023\/12\/ATM_LEGAL_20232336-scaled.jpeg","contentUrl":"https:\/\/atm.legal\/wp-content\/uploads\/2023\/12\/ATM_LEGAL_20232336-scaled.jpeg","width":2560,"height":1480},{"@type":"BreadcrumbList","@id":"https:\/\/atm.legal\/pl\/kariera-radcy\/#breadcrumb","itemListElement":[{"@type":"ListItem","position":1,"name":"Home","item":"https:\/\/atm.legal\/pl\/"},{"@type":"ListItem","position":2,"name":"Kariera"}]},{"@type":"WebSite","@id":"https:\/\/atm.legal\/pl\/#website","url":"https:\/\/atm.legal\/pl\/","name":"ATM.LEGAL","description":"","publisher":{"@id":"https:\/\/atm.legal\/pl\/#organization"},"potentialAction":[{"@type":"SearchAction","target":{"@type":"EntryPoint","urlTemplate":"https:\/\/atm.legal\/pl\/?s={search_term_string}"},"query-input":{"@type":"PropertyValueSpecification","valueRequired":true,"valueName":"search_term_string"}}],"inLanguage":"pl-PL"},{"@type":"Organization","@id":"https:\/\/atm.legal\/pl\/#organization","name":"ATM.LEGAL","url":"https:\/\/atm.legal\/pl\/","logo":{"@type":"ImageObject","inLanguage":"pl-PL","@id":"https:\/\/atm.legal\/pl\/#\/schema\/logo\/image\/","url":"https:\/\/atm.legal\/wp-content\/uploads\/2022\/10\/cropped-atm-favicon-lg.png","contentUrl":"https:\/\/atm.legal\/wp-content\/uploads\/2022\/10\/cropped-atm-favicon-lg.png","width":512,"height":512,"caption":"ATM.LEGAL"},"image":{"@id":"https:\/\/atm.legal\/pl\/#\/schema\/logo\/image\/"},"sameAs":["https:\/\/www.linkedin.com\/company\/atmlegal\/","https:\/\/www.linkedin.com\/in\/artur-marcinkowski-atmlegal\/"]}]}},"_links":{"self":[{"href":"https:\/\/atm.legal\/pl\/wp-json\/wp\/v2\/pages\/13","targetHints":{"allow":["GET"]}}],"collection":[{"href":"https:\/\/atm.legal\/pl\/wp-json\/wp\/v2\/pages"}],"about":[{"href":"https:\/\/atm.legal\/pl\/wp-json\/wp\/v2\/types\/page"}],"author":[{"embeddable":true,"href":"https:\/\/atm.legal\/pl\/wp-json\/wp\/v2\/users\/1"}],"replies":[{"embeddable":true,"href":"https:\/\/atm.legal\/pl\/wp-json\/wp\/v2\/comments?post=13"}],"version-history":[{"count":21,"href":"https:\/\/atm.legal\/pl\/wp-json\/wp\/v2\/pages\/13\/revisions"}],"predecessor-version":[{"id":2527,"href":"https:\/\/atm.legal\/pl\/wp-json\/wp\/v2\/pages\/13\/revisions\/2527"}],"wp:featuredmedia":[{"embeddable":true,"href":"https:\/\/atm.legal\/pl\/wp-json\/wp\/v2\/media\/2538"}],"wp:attachment":[{"href":"https:\/\/atm.legal\/pl\/wp-json\/wp\/v2\/media?parent=13"}],"curies":[{"name":"wp","href":"https:\/\/api.w.org\/{rel}","templated":true}]}}