{"id":2241,"date":"2022-10-11T15:15:00","date_gmt":"2022-10-11T13:15:00","guid":{"rendered":"https:\/\/atmlegal.jcd.pl\/?page_id=2241"},"modified":"2024-07-10T11:30:19","modified_gmt":"2024-07-10T09:30:19","slug":"polsko-austriacka-kancelaria-prawna","status":"publish","type":"page","link":"https:\/\/atm.legal\/pl\/polsko-austriacka-kancelaria-prawna\/","title":{"rendered":"ATM.LEGAL Polsko \u2013 austriacka kancelaria prawna."},"content":{"rendered":"\n<p>ATM.Legal to pierwotnie polska kancelaria prawna, kt\u00f3ra dzi\u0119ki mi\u0119dzynarodowemu zespo\u0142owi ekspert\u00f3w, sk\u0142adaj\u0105cemu si\u0119 z polskich, austriackich i niemieckich prawnik\u00f3w, doradza przedsi\u0119biorcom z Polski, Austrii i Niemiec we wszystkich dziedzinach prawa. Jako kancelaria prawna nowej generacji \u0142\u0105czymy kompetencje prawne, podatkowe i biznesowe.<\/p>\n\n\n\n<h2 class=\"wp-block-heading\">Zaufani prawnicy Wydzia\u0142u Handlowego Ambasady Austrii w Polsce.<\/h2>\n\n\n\n<p>Nasz zesp\u00f3\u0142 to m.in. austriaccy i polscy prawnicy i doradcy podatkowi. Doradzamy mi\u0119dzynarodowo. Posiadamy biura w Polsce, tj. w Poznaniu i w Szczecinie, oraz oddzia\u0142 w Austrii, w Wiedniu. Oferujemy naszym Klientom indywidualnie dopasowane i praktyczne rozwi\u0105zania.<\/p>\n\n\n\n<p>ATM.LEGAL od lat wsp\u00f3\u0142pracuje z Ambasad\u0105 Austrii w Polsce. Radca prawny Artur Marcinkowski, Partner Zarz\u0105dzaj\u0105cy naszej Kancelarii, posiada oficjalny tytu\u0142 zaufanego prawnika Wydzia\u0142u Handlowego Ambasady Austrii w Polsce.<\/p>\n\n\n\n<h2 class=\"wp-block-heading\">Nasze kompetencje.<\/h2>\n\n\n\n<p>ATM.LEGAL \u0142\u0105czy kompetencje prawne, podatkowe i biznesowe. Dzi\u0119ki zgranej wsp\u00f3\u0142pracy wyspecjalizowanych prawnik\u00f3w, doradc\u00f3w podatkowych i ekspert\u00f3w bran\u017cowych doradzamy zar\u00f3wno przy wymagaj\u0105cych transakcjach inwestycyjnych, jak i w toku bie\u017c\u0105cej dzia\u0142alno\u015bci przedsi\u0119biorstw. Naszym atutem jest kompleksowo\u015b\u0107 \u015bwiadczonych us\u0142ug. Na skutek d\u0142ugoletniej wsp\u00f3\u0142pracy z firmami doradczymi z bran\u017cy finansowej, IT, ksi\u0119gowej i HR, jeste\u015bmy w stanie zaoferowa\u0107 naszym Klientom pe\u0142nowymiarowe rozwi\u0105zania.<\/p>\n\n\n\n<h2 class=\"wp-block-heading\">Prawo polskie.<\/h2>\n\n\n\n<p>Doradzamy austriackim i polskim przedsi\u0119biorcom we wszystkich dziedzinach polskiego prawa gospodarczego. Zakres naszej praktyki obejmuje w szczeg\u00f3lno\u015bci nast\u0119puj\u0105ce obszary:<\/p>\n\n\n\n<ul class=\"wp-block-list\"><li>Inwestycje zagraniczne<\/li><li>Prawo sp\u00f3\u0142ek<\/li><li>Fuzje i przeje\u0328cia<\/li><li>Mie\u0328dzynarodowe umowy handlowe<\/li><li>Energetyka<\/li><li>Nieruchomos\u0301ci | Prawo budowlane<\/li><li>Podatki<\/li><li>Prawo z\u0307ywnos\u0301ciowe<\/li><li>Prawo reklamy<\/li><li>W\u0142asnos\u0301c\u0301 intelektualna | Znaki towarowe<\/li><li>Ochrona danych osobowych | RODO<\/li><li>Compliance<\/li><li>Prawo pracy | Kontrakty menadz\u0307erskie<\/li><li>Rozwia\u0328zywanie spor\u00f3w | Spory sa\u0328dowe<\/li><li>Prawo karne | Prawo karne gospodarcze<\/li><\/ul>\n\n\n\n<p>ATM.Legal gwarantuje kompetentne i wszechstronne doradztwo prawne.<\/p>\n\n\n\n<h2 class=\"wp-block-heading\">Prawo austriackie.<\/h2>\n\n\n\n<p>Dzi\u0119ki mi\u0119dzynarodowemu zespo\u0142owi ekspert\u00f3w zapewniamy naszym Klientom kompetentne doradztwo prawne z zakresu prawa austriackiego. Bieg\u0142a znajomo\u015b\u0107 prawa polskiego i austriackiego pozwala nam spe\u0142nia\u0107 wymogi i oczekiwania naszych Klient\u00f3w, kt\u00f3re cz\u0119sto podyktowane s\u0105 regulacjami wynikaj\u0105cymi z ich rodzimego systemu prawnego.<\/p>\n\n\n\n<p>Zakres naszej praktyki w zakresie prawa austriackiego obejmuje w szczeg\u00f3lno\u015bci doradztwo w nast\u0119puj\u0105cych obszarach:<\/p>\n\n\n\n<ul class=\"wp-block-list\"><li>polskie inwestycje w Austrii<\/li><li>austriackie prawo sp\u00f3\u0142ek | zak\u0142adanie sp\u00f3\u0142ek w Austrii<\/li><li>umowy handlowe z firmami w Austrii<\/li><li>austriackie prawo pracy<\/li><li>obs\u0142uga prawna dzia\u0142alno\u015bci polskich firm budowlanych w Austrii<\/li><li>austriackie prawo podatkowe<\/li><li>procesy sa\u0328dowe w Austrii<\/li><li>windykacja w Austrii<\/li><\/ul>\n\n\n\n<h2 class=\"wp-block-heading\">ATM.Legal to kompetencje j\u0119zykowe i kulturowe.<\/h2>\n\n\n\n<p>Jeste\u015bmy zespo\u0142em ludzi o wysokich kompetencjach j\u0119zykowych i kulturowych. Nasi polscy prawnicy i doradcy podatkowi pos\u0142uguj\u0105 si\u0119 biegle j\u0119zykiem niemieckim i angielskim. Wielu z nas uko\u0144czy\u0142o edukacj\u0119 szkoln\u0105 lub studia wy\u017csze w Austrii.<\/p>\n","protected":false},"excerpt":{"rendered":"<p>ATM.Legal to pierwotnie polska kancelaria prawna, kt\u00f3ra dzi\u0119ki mi\u0119dzynarodowemu zespo\u0142owi ekspert\u00f3w, sk\u0142adaj\u0105cemu si\u0119 z polskich, austriackich i niemieckich prawnik\u00f3w, doradza przedsi\u0119biorcom z Polski, Austrii i Niemiec we wszystkich dziedzinach prawa. Jako kancelaria prawna nowej generacji \u0142\u0105czymy kompetencje prawne, podatkowe i biznesowe. Zaufani prawnicy Wydzia\u0142u Handlowego Ambasady Austrii w Polsce. Nasz zesp\u00f3\u0142 to m.in. austriaccy i [&hellip;]<\/p>\n","protected":false},"author":1,"featured_media":2664,"parent":0,"menu_order":0,"comment_status":"closed","ping_status":"closed","template":"","meta":{"_acf_changed":false,"om_disable_all_campaigns":false,"footnotes":""},"class_list":["post-2241","page","type-page","status-publish","has-post-thumbnail","hentry"],"acf":[],"yoast_head":"<!-- This site is optimized with the Yoast SEO plugin v25.5 - https:\/\/yoast.com\/wordpress\/plugins\/seo\/ -->\n<title>ATM.LEGAL Polsko \u2013 austriacka kancelaria prawna.<\/title>\n<meta name=\"description\" content=\"ATM Legal to polsko-austriacka kancelaria prawna specjalizuj\u0105ca si\u0119 w sprawach zwi\u0105zanych z kredytami frankowymi, czy Phisigniem.\" \/>\n<meta name=\"robots\" content=\"index, follow, max-snippet:-1, max-video-preview:-1, noimageindex\" \/>\n<link rel=\"canonical\" href=\"https:\/\/atm.legal\/pl\/polsko-austriacka-kancelaria-prawna\/\" \/>\n<meta property=\"og:locale\" content=\"pl_PL\" \/>\n<meta property=\"og:type\" content=\"article\" \/>\n<meta property=\"og:title\" content=\"ATM.LEGAL Polsko \u2013 austriacka kancelaria prawna.\" \/>\n<meta property=\"og:description\" content=\"ATM Legal to polsko-austriacka kancelaria prawna specjalizuj\u0105ca si\u0119 w sprawach zwi\u0105zanych z kredytami frankowymi, czy Phisigniem.\" \/>\n<meta property=\"og:url\" content=\"https:\/\/atm.legal\/pl\/polsko-austriacka-kancelaria-prawna\/\" \/>\n<meta property=\"og:site_name\" content=\"ATM.LEGAL\" \/>\n<meta property=\"article:modified_time\" content=\"2024-07-10T09:30:19+00:00\" \/>\n<meta property=\"og:image\" content=\"https:\/\/atm.legal\/wp-content\/uploads\/2024\/07\/grupowe-scaled.jpeg\" \/>\n\t<meta property=\"og:image:width\" content=\"2560\" \/>\n\t<meta property=\"og:image:height\" content=\"1483\" \/>\n\t<meta property=\"og:image:type\" content=\"image\/jpeg\" \/>\n<meta name=\"twitter:card\" content=\"summary_large_image\" \/>\n<meta name=\"twitter:label1\" content=\"Szacowany czas czytania\" \/>\n\t<meta name=\"twitter:data1\" content=\"2 minuty\" \/>\n<script type=\"application\/ld+json\" class=\"yoast-schema-graph\">{\"@context\":\"https:\/\/schema.org\",\"@graph\":[{\"@type\":\"WebPage\",\"@id\":\"https:\/\/atm.legal\/pl\/polsko-austriacka-kancelaria-prawna\/\",\"url\":\"https:\/\/atm.legal\/pl\/polsko-austriacka-kancelaria-prawna\/\",\"name\":\"ATM.LEGAL Polsko \u2013 austriacka kancelaria prawna.\",\"isPartOf\":{\"@id\":\"https:\/\/atm.legal\/pl\/#website\"},\"primaryImageOfPage\":{\"@id\":\"https:\/\/atm.legal\/pl\/polsko-austriacka-kancelaria-prawna\/#primaryimage\"},\"image\":{\"@id\":\"https:\/\/atm.legal\/pl\/polsko-austriacka-kancelaria-prawna\/#primaryimage\"},\"thumbnailUrl\":\"https:\/\/atm.legal\/wp-content\/uploads\/2024\/07\/grupowe-scaled.jpeg\",\"datePublished\":\"2022-10-11T13:15:00+00:00\",\"dateModified\":\"2024-07-10T09:30:19+00:00\",\"description\":\"ATM Legal to polsko-austriacka kancelaria prawna specjalizuj\u0105ca si\u0119 w sprawach zwi\u0105zanych z kredytami frankowymi, czy Phisigniem.\",\"breadcrumb\":{\"@id\":\"https:\/\/atm.legal\/pl\/polsko-austriacka-kancelaria-prawna\/#breadcrumb\"},\"inLanguage\":\"pl-PL\",\"potentialAction\":[{\"@type\":\"ReadAction\",\"target\":[\"https:\/\/atm.legal\/pl\/polsko-austriacka-kancelaria-prawna\/\"]}]},{\"@type\":\"ImageObject\",\"inLanguage\":\"pl-PL\",\"@id\":\"https:\/\/atm.legal\/pl\/polsko-austriacka-kancelaria-prawna\/#primaryimage\",\"url\":\"https:\/\/atm.legal\/wp-content\/uploads\/2024\/07\/grupowe-scaled.jpeg\",\"contentUrl\":\"https:\/\/atm.legal\/wp-content\/uploads\/2024\/07\/grupowe-scaled.jpeg\",\"width\":2560,\"height\":1483,\"caption\":\"zesp\u00f3\u0142 radc\u00f3w prawnych ATM Legal\"},{\"@type\":\"BreadcrumbList\",\"@id\":\"https:\/\/atm.legal\/pl\/polsko-austriacka-kancelaria-prawna\/#breadcrumb\",\"itemListElement\":[{\"@type\":\"ListItem\",\"position\":1,\"name\":\"Home\",\"item\":\"https:\/\/atm.legal\/pl\/\"},{\"@type\":\"ListItem\",\"position\":2,\"name\":\"polsko- austriacka kancelaria prawna\"}]},{\"@type\":\"WebSite\",\"@id\":\"https:\/\/atm.legal\/pl\/#website\",\"url\":\"https:\/\/atm.legal\/pl\/\",\"name\":\"ATM.LEGAL\",\"description\":\"\",\"publisher\":{\"@id\":\"https:\/\/atm.legal\/pl\/#organization\"},\"potentialAction\":[{\"@type\":\"SearchAction\",\"target\":{\"@type\":\"EntryPoint\",\"urlTemplate\":\"https:\/\/atm.legal\/pl\/?s={search_term_string}\"},\"query-input\":{\"@type\":\"PropertyValueSpecification\",\"valueRequired\":true,\"valueName\":\"search_term_string\"}}],\"inLanguage\":\"pl-PL\"},{\"@type\":\"Organization\",\"@id\":\"https:\/\/atm.legal\/pl\/#organization\",\"name\":\"ATM.LEGAL\",\"url\":\"https:\/\/atm.legal\/pl\/\",\"logo\":{\"@type\":\"ImageObject\",\"inLanguage\":\"pl-PL\",\"@id\":\"https:\/\/atm.legal\/pl\/#\/schema\/logo\/image\/\",\"url\":\"https:\/\/atm.legal\/wp-content\/uploads\/2022\/10\/cropped-atm-favicon-lg.png\",\"contentUrl\":\"https:\/\/atm.legal\/wp-content\/uploads\/2022\/10\/cropped-atm-favicon-lg.png\",\"width\":512,\"height\":512,\"caption\":\"ATM.LEGAL\"},\"image\":{\"@id\":\"https:\/\/atm.legal\/pl\/#\/schema\/logo\/image\/\"},\"sameAs\":[\"https:\/\/www.linkedin.com\/company\/atmlegal\/\",\"https:\/\/www.linkedin.com\/in\/artur-marcinkowski-atmlegal\/\"]}]}<\/script>\n<!-- \/ Yoast SEO plugin. -->","yoast_head_json":{"title":"ATM.LEGAL Polsko \u2013 austriacka kancelaria prawna.","description":"ATM Legal to polsko-austriacka kancelaria prawna specjalizuj\u0105ca si\u0119 w sprawach zwi\u0105zanych z kredytami frankowymi, czy Phisigniem.","robots":{"index":"index","follow":"follow","max-snippet":"max-snippet:-1","max-video-preview":"max-video-preview:-1","imageindex":"noimageindex"},"canonical":"https:\/\/atm.legal\/pl\/polsko-austriacka-kancelaria-prawna\/","og_locale":"pl_PL","og_type":"article","og_title":"ATM.LEGAL Polsko \u2013 austriacka kancelaria prawna.","og_description":"ATM Legal to polsko-austriacka kancelaria prawna specjalizuj\u0105ca si\u0119 w sprawach zwi\u0105zanych z kredytami frankowymi, czy Phisigniem.","og_url":"https:\/\/atm.legal\/pl\/polsko-austriacka-kancelaria-prawna\/","og_site_name":"ATM.LEGAL","article_modified_time":"2024-07-10T09:30:19+00:00","og_image":[{"width":2560,"height":1483,"url":"https:\/\/atm.legal\/wp-content\/uploads\/2024\/07\/grupowe-scaled.jpeg","type":"image\/jpeg"}],"twitter_card":"summary_large_image","twitter_misc":{"Szacowany czas czytania":"2 minuty"},"schema":{"@context":"https:\/\/schema.org","@graph":[{"@type":"WebPage","@id":"https:\/\/atm.legal\/pl\/polsko-austriacka-kancelaria-prawna\/","url":"https:\/\/atm.legal\/pl\/polsko-austriacka-kancelaria-prawna\/","name":"ATM.LEGAL Polsko \u2013 austriacka kancelaria prawna.","isPartOf":{"@id":"https:\/\/atm.legal\/pl\/#website"},"primaryImageOfPage":{"@id":"https:\/\/atm.legal\/pl\/polsko-austriacka-kancelaria-prawna\/#primaryimage"},"image":{"@id":"https:\/\/atm.legal\/pl\/polsko-austriacka-kancelaria-prawna\/#primaryimage"},"thumbnailUrl":"https:\/\/atm.legal\/wp-content\/uploads\/2024\/07\/grupowe-scaled.jpeg","datePublished":"2022-10-11T13:15:00+00:00","dateModified":"2024-07-10T09:30:19+00:00","description":"ATM Legal to polsko-austriacka kancelaria prawna specjalizuj\u0105ca si\u0119 w sprawach zwi\u0105zanych z kredytami frankowymi, czy Phisigniem.","breadcrumb":{"@id":"https:\/\/atm.legal\/pl\/polsko-austriacka-kancelaria-prawna\/#breadcrumb"},"inLanguage":"pl-PL","potentialAction":[{"@type":"ReadAction","target":["https:\/\/atm.legal\/pl\/polsko-austriacka-kancelaria-prawna\/"]}]},{"@type":"ImageObject","inLanguage":"pl-PL","@id":"https:\/\/atm.legal\/pl\/polsko-austriacka-kancelaria-prawna\/#primaryimage","url":"https:\/\/atm.legal\/wp-content\/uploads\/2024\/07\/grupowe-scaled.jpeg","contentUrl":"https:\/\/atm.legal\/wp-content\/uploads\/2024\/07\/grupowe-scaled.jpeg","width":2560,"height":1483,"caption":"zesp\u00f3\u0142 radc\u00f3w prawnych ATM Legal"},{"@type":"BreadcrumbList","@id":"https:\/\/atm.legal\/pl\/polsko-austriacka-kancelaria-prawna\/#breadcrumb","itemListElement":[{"@type":"ListItem","position":1,"name":"Home","item":"https:\/\/atm.legal\/pl\/"},{"@type":"ListItem","position":2,"name":"polsko- austriacka kancelaria prawna"}]},{"@type":"WebSite","@id":"https:\/\/atm.legal\/pl\/#website","url":"https:\/\/atm.legal\/pl\/","name":"ATM.LEGAL","description":"","publisher":{"@id":"https:\/\/atm.legal\/pl\/#organization"},"potentialAction":[{"@type":"SearchAction","target":{"@type":"EntryPoint","urlTemplate":"https:\/\/atm.legal\/pl\/?s={search_term_string}"},"query-input":{"@type":"PropertyValueSpecification","valueRequired":true,"valueName":"search_term_string"}}],"inLanguage":"pl-PL"},{"@type":"Organization","@id":"https:\/\/atm.legal\/pl\/#organization","name":"ATM.LEGAL","url":"https:\/\/atm.legal\/pl\/","logo":{"@type":"ImageObject","inLanguage":"pl-PL","@id":"https:\/\/atm.legal\/pl\/#\/schema\/logo\/image\/","url":"https:\/\/atm.legal\/wp-content\/uploads\/2022\/10\/cropped-atm-favicon-lg.png","contentUrl":"https:\/\/atm.legal\/wp-content\/uploads\/2022\/10\/cropped-atm-favicon-lg.png","width":512,"height":512,"caption":"ATM.LEGAL"},"image":{"@id":"https:\/\/atm.legal\/pl\/#\/schema\/logo\/image\/"},"sameAs":["https:\/\/www.linkedin.com\/company\/atmlegal\/","https:\/\/www.linkedin.com\/in\/artur-marcinkowski-atmlegal\/"]}]}},"_links":{"self":[{"href":"https:\/\/atm.legal\/pl\/wp-json\/wp\/v2\/pages\/2241","targetHints":{"allow":["GET"]}}],"collection":[{"href":"https:\/\/atm.legal\/pl\/wp-json\/wp\/v2\/pages"}],"about":[{"href":"https:\/\/atm.legal\/pl\/wp-json\/wp\/v2\/types\/page"}],"author":[{"embeddable":true,"href":"https:\/\/atm.legal\/pl\/wp-json\/wp\/v2\/users\/1"}],"replies":[{"embeddable":true,"href":"https:\/\/atm.legal\/pl\/wp-json\/wp\/v2\/comments?post=2241"}],"version-history":[{"count":1,"href":"https:\/\/atm.legal\/pl\/wp-json\/wp\/v2\/pages\/2241\/revisions"}],"predecessor-version":[{"id":2242,"href":"https:\/\/atm.legal\/pl\/wp-json\/wp\/v2\/pages\/2241\/revisions\/2242"}],"wp:featuredmedia":[{"embeddable":true,"href":"https:\/\/atm.legal\/pl\/wp-json\/wp\/v2\/media\/2664"}],"wp:attachment":[{"href":"https:\/\/atm.legal\/pl\/wp-json\/wp\/v2\/media?parent=2241"}],"curies":[{"name":"wp","href":"https:\/\/api.w.org\/{rel}","templated":true}]}}